{"id":3332,"date":"2016-04-30T23:57:30","date_gmt":"2016-04-30T21:57:30","guid":{"rendered":"http:\/\/jubhome.eu\/?page_id=3332\/"},"modified":"2023-07-05T10:55:51","modified_gmt":"2023-07-05T08:55:51","slug":"ueber-uns","status":"publish","type":"page","link":"\/de\/ueber-uns\/","title":{"rendered":"\u00dcber uns"},"content":{"rendered":"<p>JUBHome ist eine Warenmarke der Gruppe JUB. Rahmen dieser Marke steigen wir, mit dem Angebot der energiesparsamer H\u00e4user\u00a0 im beliebigen Energiesparsamkeitsstandard von Energiesparhaus, Passivhaus ,\u00a0 bis zum Plusenergiesparhaus auf den Markt ein.\u00a0 System JUBHome ist Resultat der eigenen Entwicklung und Herstellung. Entwurf basiert auf der Energiesparsamkeit und Effizienz, Baufestigkeit, auf der schnellen und einfachen\u00a0 Ausf\u00fchrung und Architekturvielfalt.<\/p>\n<p>Heutzutage brechen die Einfamilienhausbauer\u00a0 mit der Gewohnheit, das die H\u00e4user so gro\u00df sein m\u00fcssen, das im Haus noch Platz f\u00fcr wenigstens\u00a0 ein Kind\u00a0 mit Familie sein muss. Heute suchen wir nach Komfort, Kosten- und Energiesparsamkeit und passen die Hausgr\u00f6\u00dfe den tats\u00e4chlichen Bed\u00fcrfnissen an.<\/p>\n<p>Wir stellen fest, dass Architektur einfacher und reiner geworden ist und uns eine hochwertige Ausf\u00fchrung, Integration des Kochens, Essens und Wohnens in nur einem Raum, der kleiner sein kann als die Fl\u00e4chensumme der bis dahin Bestehenden, m\u00f6glich macht. Heute ist\u00a0 die Integration der Schlafr\u00e4ume mit dem Badezimmer, separat f\u00fcr Eltern und die Kinder gew\u00fcnscht,\u00a0 Garage und\/oder etliche Abstellr\u00e4ume und Bedarfsr\u00e4ume k\u00f6nnen\u00a0 aus dem Wohnobjekt ausgeschlossen werden,&#8230;<\/p>\n<p>Auch deshalb k\u00f6nnen heutige H\u00e4user billiger sein; sie sind kleiner, aber nicht weniger sch\u00f6n, sicher und funktionsgerecht. Heutige Bauherren w\u00fcnschen komplette Leistung und schnellen Einzug, nach\u00a0 den im Voraus bekannten Preis.<\/p>\n<p>Bei der Planung der JUB H\u00e4user , die wir f\u00fcr Sie \u201eschl\u00fcsselfertig\u201c bauen werden, haben wir das Alles ber\u00fccksichtigt. Unsere H\u00e4user gew\u00e4hrleisten Energiesparsamkeit, hochwertige Ausf\u00fchrung, Verbindung der Vorz\u00fcge des Massivbaus mit der Geschwindigkeit des Montagebaus, niedrige Betriebskosten und erhalten Wert Ihrer Investition in das Haus. Neben den Typenprojekten, bitten wir Ihnen individuellen Entwurf, Projektierung und \u201eschl\u00fcsselfertige\u201c Bauausf\u00fchrung an.<\/p>\n<p>\u00dcberpr\u00fcfen Sie, testen Sie, mit Freude erwarten wir Sie!<\/p>\n<p>&nbsp;<\/p>\n","protected":false},"excerpt":{"rendered":"<p>JUBHome ist eine Warenmarke der Gruppe JUB. Rahmen dieser Marke steigen wir, mit dem Angebot der energiesparsamer H\u00e4user\u00a0 im beliebigen Energiesparsamkeitsstandard von Energiesparhaus, Passivhaus ,\u00a0 bis zum Plusenergiesparhaus auf den Markt ein.\u00a0 System JUBHome ist Resultat der eigenen Entwicklung und Herstellung. Entwurf basiert auf der Energiesparsamkeit und Effizienz, Baufestigkeit, auf der schnellen und einfachen\u00a0 Ausf\u00fchrung [&hellip;]<\/p>\n","protected":false},"author":1,"featured_media":0,"parent":0,"menu_order":6,"comment_status":"closed","ping_status":"closed","template":"","meta":[],"aioseo_notices":[],"_links":{"self":[{"href":"\/de\/wp-json\/wp\/v2\/pages\/3332"}],"collection":[{"href":"\/de\/wp-json\/wp\/v2\/pages"}],"about":[{"href":"\/de\/wp-json\/wp\/v2\/types\/page"}],"author":[{"embeddable":true,"href":"\/de\/wp-json\/wp\/v2\/users\/1"}],"replies":[{"embeddable":true,"href":"\/de\/wp-json\/wp\/v2\/comments?post=3332"}],"version-history":[{"count":2,"href":"\/de\/wp-json\/wp\/v2\/pages\/3332\/revisions"}],"predecessor-version":[{"id":7459,"href":"\/de\/wp-json\/wp\/v2\/pages\/3332\/revisions\/7459"}],"wp:attachment":[{"href":"\/de\/wp-json\/wp\/v2\/media?parent=3332"}],"curies":[{"name":"wp","href":"https:\/\/api.w.org\/{rel}","templated":true}]}}